{"id":4295,"date":"2023-09-24T05:16:18","date_gmt":"2023-09-24T05:16:18","guid":{"rendered":"https:\/\/aiggroup.com.vn\/?page_id=4295"},"modified":"2023-09-24T05:17:40","modified_gmt":"2023-09-24T05:17:40","slug":"legaladvice","status":"publish","type":"page","link":"https:\/\/aiggroup.com.vn\/en\/legaladvice\/","title":{"rendered":"LEGALADVICE"},"content":{"rendered":"<section data-bb-version=\"4.6.1\" id=\"bt_bb_section69f52be17c0a2\" class=\"bt_bb_section bt_bb_color_scheme_1 bt_bb_layout_boxed_1200 bt_bb_vertical_align_top bt_bb_background_overlay_top_dark_gradient bt_bb_top_spacing_large bt_bb_bottom_spacing_large\" style=\"; --section-primary-color:#ffffff; --section-secondary-color:#191919;\" data-bt-override-class=\"{&quot;bt_bb_top_spacing_&quot;:{&quot;current_class&quot;:&quot;bt_bb_top_spacing_large&quot;,&quot;xxl&quot;:&quot;large&quot;},&quot;bt_bb_bottom_spacing_&quot;:{&quot;current_class&quot;:&quot;bt_bb_bottom_spacing_large&quot;,&quot;xxl&quot;:&quot;large&quot;}}\"><div class=\"bt_bb_port\"><div class=\"bt_bb_cell\"><div class=\"bt_bb_cell_inner\"><div class=\"bt_bb_row\"  data-bt-override-class=\"{}\"><div class=\"bt_bb_row_holder\" ><div  class=\"bt_bb_column col-xxl-6 col-xl-6 col-xs-12 col-sm-6 col-md-6 col-lg-6 bt_bb_vertical_align_top bt_bb_align_left bt_bb_padding_normal bt_bb_animation_fade_in animate\" style=\"; --column-width:6;\" data-width=\"6\" data-bt-override-class=\"{}\"><div class=\"bt_bb_column_content\"><div class=\"bt_bb_column_content_inner\"><div data-bb-version=\"4.6.1\" class=\"bt_bb_separator bt_bb_border_style_none bt_bb_border_color_none bt_bb_top_spacing_normal bt_bb_bottom_spacing_small bt_bb_hidden_xs bt_bb_hidden_ms\" data-bt-override-class=\"{&quot;bt_bb_top_spacing_&quot;:{&quot;current_class&quot;:&quot;bt_bb_top_spacing_normal&quot;,&quot;xxl&quot;:&quot;normal&quot;},&quot;bt_bb_bottom_spacing_&quot;:{&quot;current_class&quot;:&quot;bt_bb_bottom_spacing_small&quot;,&quot;xxl&quot;:&quot;small&quot;}}\"><\/div><header data-bb-version=\"4.6.1\" class=\"bt_bb_headline bt_bb_dash_bottom bt_bb_size_extralarge bt_bb_align_inherit\" data-bt-override-class=\"{&quot;bt_bb_size_&quot;:{&quot;current_class&quot;:&quot;bt_bb_size_extralarge&quot;,&quot;xxl&quot;:&quot;extralarge&quot;},&quot;bt_bb_align_&quot;:{&quot;current_class&quot;:&quot;bt_bb_align_inherit&quot;,&quot;xxl&quot;:&quot;inherit&quot;}}\"><h2 class=\"bt_bb_headline_tag\"><span class=\"bt_bb_headline_content\"><span>LEGAL ADVICE<\/span><\/span><\/h2><\/header><div data-bb-version=\"4.6.1\"  class=\"bt_bb_text\" ><\/p>\n<p>\u0110\u1ec3 t\u01b0 v\u1ea5n ph\u00e1p l\u00fd cho d\u1ef1 \u00e1n, c\u1ea7n cung c\u1ea5p th\u00f4ng tin c\u1ee5 th\u1ec3 v\u1ec1 d\u1ef1 \u00e1n nh\u01b0 lo\u1ea1i h\u00ecnh d\u1ef1 \u00e1n, ng\u00e0nh ngh\u1ec1 li\u00ean quan, v\u1ecb tr\u00ed d\u1ef1 \u00e1n, k\u00edch th\u01b0\u1edbc v\u00e0 quy m\u00f4 c\u1ee7a d\u1ef1 \u00e1n, v\u1ea5n \u0111\u1ec1 ph\u00e1p l\u00fd \u0111ang \u0111\u1ed1i di\u1ec7n hi\u1ec7n t\u1ea1i, v.v.<\/p>\n<p>\n<\/div><div data-bb-version=\"4.6.1\" class=\"bt_bb_separator bt_bb_border_style_none bt_bb_border_color_none bt_bb_top_spacing_none bt_bb_bottom_spacing_small bt_bb_hidden_xs bt_bb_hidden_ms\" data-bt-override-class=\"{&quot;bt_bb_top_spacing_&quot;:{&quot;current_class&quot;:&quot;bt_bb_top_spacing_none&quot;,&quot;xxl&quot;:&quot;none&quot;},&quot;bt_bb_bottom_spacing_&quot;:{&quot;current_class&quot;:&quot;bt_bb_bottom_spacing_small&quot;,&quot;xxl&quot;:&quot;small&quot;}}\"><\/div><div data-bb-version=\"4.6.1\" class=\"bt_bb_image bt_bb_shape_square bt_bb_target_self bt_bb_align_inherit bt_bb_hover_style_simple bt_bb_content_display_always bt_bb_content_align_middle\" data-bt-override-class=\"{&quot;bt_bb_align_&quot;:{&quot;current_class&quot;:&quot;bt_bb_align_inherit&quot;,&quot;xxl&quot;:&quot;inherit&quot;}}\"><span><img loading=\"lazy\" decoding=\"async\" width=\"932\" height=\"600\" src=\"https:\/\/aiggroup.com.vn\/wp-content\/uploads\/2023\/09\/Picture11.jpg\" class=\"attachment-full size-full\" alt=\"https:\/\/aiggroup.com.vn\/wp-content\/uploads\/2023\/09\/Picture11.jpg\" data-full_image_src=\"https:\/\/aiggroup.com.vn\/wp-content\/uploads\/2023\/09\/Picture11.jpg\" title=\"Picture11\" srcset=\"https:\/\/aiggroup.com.vn\/wp-content\/uploads\/2023\/09\/Picture11.jpg 932w, https:\/\/aiggroup.com.vn\/wp-content\/uploads\/2023\/09\/Picture11-640x412.jpg 640w, https:\/\/aiggroup.com.vn\/wp-content\/uploads\/2023\/09\/Picture11-768x494.jpg 768w, https:\/\/aiggroup.com.vn\/wp-content\/uploads\/2023\/09\/Picture11-18x12.jpg 18w, https:\/\/aiggroup.com.vn\/wp-content\/uploads\/2023\/09\/Picture11-320x206.jpg 320w\" sizes=\"auto, (max-width: 932px) 100vw, 932px\" \/><\/span><\/div><div data-bb-version=\"4.6.1\" class=\"bt_bb_separator bt_bb_border_style_none bt_bb_border_color_none bt_bb_top_spacing_small bt_bb_bottom_spacing_small bt_bb_hidden_xs bt_bb_hidden_ms\" data-bt-override-class=\"{&quot;bt_bb_top_spacing_&quot;:{&quot;current_class&quot;:&quot;bt_bb_top_spacing_small&quot;,&quot;xxl&quot;:&quot;small&quot;},&quot;bt_bb_bottom_spacing_&quot;:{&quot;current_class&quot;:&quot;bt_bb_bottom_spacing_small&quot;,&quot;xxl&quot;:&quot;small&quot;}}\"><\/div><\/div><\/div><\/div><div data-bb-version=\"4.6.1\"  class=\"bt_bb_column col-xxl-6 col-xl-6 col-xs-12 col-sm-6 col-md-6 col-lg-6 bt_bb_vertical_align_top bt_bb_align_left bt_bb_padding_normal\" style=\"; --column-width:6;\" data-width=\"6\" data-bt-override-class=\"{}\"><div class=\"bt_bb_column_content\"><div class=\"bt_bb_column_content_inner\"><div data-bb-version=\"4.6.1\" class=\"bt_bb_image bt_bb_shape_square bt_bb_target_self bt_bb_align_center bt_bb_hover_style_simple bt_bb_content_display_always bt_bb_content_align_middle\" data-bt-override-class=\"{&quot;bt_bb_align_&quot;:{&quot;current_class&quot;:&quot;bt_bb_align_center&quot;,&quot;xxl&quot;:&quot;center&quot;}}\"><span><img loading=\"lazy\" decoding=\"async\" width=\"387\" height=\"192\" src=\"https:\/\/aiggroup.com.vn\/wp-content\/uploads\/2023\/09\/Picture8.jpg\" class=\"attachment-full size-full\" alt=\"https:\/\/aiggroup.com.vn\/wp-content\/uploads\/2023\/09\/Picture8.jpg\" data-full_image_src=\"https:\/\/aiggroup.com.vn\/wp-content\/uploads\/2023\/09\/Picture8.jpg\" title=\"Picture8\" srcset=\"https:\/\/aiggroup.com.vn\/wp-content\/uploads\/2023\/09\/Picture8.jpg 387w, https:\/\/aiggroup.com.vn\/wp-content\/uploads\/2023\/09\/Picture8-18x9.jpg 18w, https:\/\/aiggroup.com.vn\/wp-content\/uploads\/2023\/09\/Picture8-320x159.jpg 320w\" sizes=\"auto, (max-width: 387px) 100vw, 387px\" \/><\/span><\/div><div data-bb-version=\"4.6.1\" class=\"bt_bb_separator bt_bb_border_style_none bt_bb_border_color_none bt_bb_top_spacing_small bt_bb_bottom_spacing_small bt_bb_hidden_xs bt_bb_hidden_ms\" data-bt-override-class=\"{&quot;bt_bb_top_spacing_&quot;:{&quot;current_class&quot;:&quot;bt_bb_top_spacing_small&quot;,&quot;xxl&quot;:&quot;small&quot;},&quot;bt_bb_bottom_spacing_&quot;:{&quot;current_class&quot;:&quot;bt_bb_bottom_spacing_small&quot;,&quot;xxl&quot;:&quot;small&quot;}}\"><\/div><header data-bb-version=\"4.6.1\" class=\"bt_bb_headline bt_bb_dash_top_bottom bt_bb_size_large bt_bb_align_center\" data-bt-override-class=\"{&quot;bt_bb_size_&quot;:{&quot;current_class&quot;:&quot;bt_bb_size_large&quot;,&quot;xxl&quot;:&quot;large&quot;},&quot;bt_bb_align_&quot;:{&quot;current_class&quot;:&quot;bt_bb_align_center&quot;,&quot;xxl&quot;:&quot;center&quot;}}\"><h2 class=\"bt_bb_headline_tag\"><span class=\"bt_bb_headline_content\"><span>H\u00ecnh \u1ea3nh d\u1ef1 \u00e1n: DRAGON PEARL<br \/><br \/>\n<\/span><\/span><\/h2><\/header><div data-bb-version=\"4.6.1\" class=\"bt_bb_separator bt_bb_border_style_none bt_bb_border_color_none bt_bb_top_spacing_small bt_bb_bottom_spacing_small bt_bb_hidden_xs bt_bb_hidden_ms\" data-bt-override-class=\"{&quot;bt_bb_top_spacing_&quot;:{&quot;current_class&quot;:&quot;bt_bb_top_spacing_small&quot;,&quot;xxl&quot;:&quot;small&quot;},&quot;bt_bb_bottom_spacing_&quot;:{&quot;current_class&quot;:&quot;bt_bb_bottom_spacing_small&quot;,&quot;xxl&quot;:&quot;small&quot;}}\"><\/div><div data-bb-version=\"4.6.1\" class=\"bt_bb_image bt_bb_shape_square bt_bb_target_self bt_bb_align_center bt_bb_hover_style_simple bt_bb_content_display_always bt_bb_content_align_middle\" data-bt-override-class=\"{&quot;bt_bb_align_&quot;:{&quot;current_class&quot;:&quot;bt_bb_align_center&quot;,&quot;xxl&quot;:&quot;center&quot;}}\"><span><img loading=\"lazy\" decoding=\"async\" width=\"783\" height=\"440\" src=\"https:\/\/aiggroup.com.vn\/wp-content\/uploads\/2023\/09\/Picture10-1.jpg\" class=\"attachment-full size-full\" alt=\"https:\/\/aiggroup.com.vn\/wp-content\/uploads\/2023\/09\/Picture10-1.jpg\" data-full_image_src=\"https:\/\/aiggroup.com.vn\/wp-content\/uploads\/2023\/09\/Picture10-1.jpg\" title=\"Picture10\" srcset=\"https:\/\/aiggroup.com.vn\/wp-content\/uploads\/2023\/09\/Picture10-1.jpg 783w, https:\/\/aiggroup.com.vn\/wp-content\/uploads\/2023\/09\/Picture10-1-640x360.jpg 640w, https:\/\/aiggroup.com.vn\/wp-content\/uploads\/2023\/09\/Picture10-1-768x432.jpg 768w, https:\/\/aiggroup.com.vn\/wp-content\/uploads\/2023\/09\/Picture10-1-18x10.jpg 18w, https:\/\/aiggroup.com.vn\/wp-content\/uploads\/2023\/09\/Picture10-1-320x180.jpg 320w\" sizes=\"auto, (max-width: 783px) 100vw, 783px\" \/><\/span><\/div><div data-bb-version=\"4.6.1\" class=\"bt_bb_separator bt_bb_border_style_none bt_bb_border_color_none bt_bb_top_spacing_small bt_bb_bottom_spacing_small bt_bb_hidden_xs bt_bb_hidden_ms\" data-bt-override-class=\"{&quot;bt_bb_top_spacing_&quot;:{&quot;current_class&quot;:&quot;bt_bb_top_spacing_small&quot;,&quot;xxl&quot;:&quot;small&quot;},&quot;bt_bb_bottom_spacing_&quot;:{&quot;current_class&quot;:&quot;bt_bb_bottom_spacing_small&quot;,&quot;xxl&quot;:&quot;small&quot;}}\"><\/div><\/div><\/div><\/div><\/div><\/div><div class=\"bt_bb_row\"  data-bt-override-class=\"{}\"><div class=\"bt_bb_row_holder\" ><div data-bb-version=\"4.6.1\"  class=\"bt_bb_column col-xxl-6 col-xl-6 col-xs-12 col-sm-6 col-md-6 col-lg-6 bt_bb_vertical_align_top bt_bb_align_left bt_bb_padding_normal\" style=\"; --column-width:6;\" data-width=\"6\" data-bt-override-class=\"{}\"><div class=\"bt_bb_column_content\"><div class=\"bt_bb_column_content_inner\"><div data-bb-version=\"4.6.1\" class=\"bt_bb_image bt_bb_shape_square bt_bb_target_self bt_bb_align_inherit bt_bb_hover_style_simple bt_bb_content_display_always bt_bb_content_align_middle\" data-bt-override-class=\"{&quot;bt_bb_align_&quot;:{&quot;current_class&quot;:&quot;bt_bb_align_inherit&quot;,&quot;xxl&quot;:&quot;inherit&quot;}}\"><span><img loading=\"lazy\" decoding=\"async\" width=\"1026\" height=\"660\" src=\"https:\/\/aiggroup.com.vn\/wp-content\/uploads\/2023\/09\/Picture9.jpg\" class=\"attachment-full size-full\" alt=\"https:\/\/aiggroup.com.vn\/wp-content\/uploads\/2023\/09\/Picture9.jpg\" data-full_image_src=\"https:\/\/aiggroup.com.vn\/wp-content\/uploads\/2023\/09\/Picture9.jpg\" title=\"Picture9\" srcset=\"https:\/\/aiggroup.com.vn\/wp-content\/uploads\/2023\/09\/Picture9.jpg 1026w, https:\/\/aiggroup.com.vn\/wp-content\/uploads\/2023\/09\/Picture9-640x412.jpg 640w, https:\/\/aiggroup.com.vn\/wp-content\/uploads\/2023\/09\/Picture9-768x494.jpg 768w, https:\/\/aiggroup.com.vn\/wp-content\/uploads\/2023\/09\/Picture9-18x12.jpg 18w, https:\/\/aiggroup.com.vn\/wp-content\/uploads\/2023\/09\/Picture9-320x206.jpg 320w\" sizes=\"auto, (max-width: 1026px) 100vw, 1026px\" \/><\/span><\/div><div data-bb-version=\"4.6.1\" class=\"bt_bb_separator bt_bb_border_style_none bt_bb_border_color_none bt_bb_top_spacing_small bt_bb_bottom_spacing_small bt_bb_hidden_xs bt_bb_hidden_ms\" data-bt-override-class=\"{&quot;bt_bb_top_spacing_&quot;:{&quot;current_class&quot;:&quot;bt_bb_top_spacing_small&quot;,&quot;xxl&quot;:&quot;small&quot;},&quot;bt_bb_bottom_spacing_&quot;:{&quot;current_class&quot;:&quot;bt_bb_bottom_spacing_small&quot;,&quot;xxl&quot;:&quot;small&quot;}}\"><\/div><\/div><\/div><\/div><div data-bb-version=\"4.6.1\"  class=\"bt_bb_column col-xxl-6 col-xl-6 col-xs-12 col-sm-6 col-md-6 col-lg-6 bt_bb_vertical_align_top bt_bb_align_left bt_bb_padding_normal\" style=\"; --column-width:6;\" data-width=\"6\" data-bt-override-class=\"{}\"><div class=\"bt_bb_column_content\"><div class=\"bt_bb_column_content_inner\"><div data-bb-version=\"4.6.1\" class=\"bt_bb_image bt_bb_shape_square bt_bb_target_self bt_bb_align_inherit bt_bb_hover_style_simple bt_bb_content_display_always bt_bb_content_align_middle\" data-bt-override-class=\"{&quot;bt_bb_align_&quot;:{&quot;current_class&quot;:&quot;bt_bb_align_inherit&quot;,&quot;xxl&quot;:&quot;inherit&quot;}}\"><span><img loading=\"lazy\" decoding=\"async\" width=\"1026\" height=\"660\" src=\"https:\/\/aiggroup.com.vn\/wp-content\/uploads\/2023\/09\/Picture12.jpg\" class=\"attachment-full size-full\" alt=\"https:\/\/aiggroup.com.vn\/wp-content\/uploads\/2023\/09\/Picture12.jpg\" data-full_image_src=\"https:\/\/aiggroup.com.vn\/wp-content\/uploads\/2023\/09\/Picture12.jpg\" title=\"Picture12\" srcset=\"https:\/\/aiggroup.com.vn\/wp-content\/uploads\/2023\/09\/Picture12.jpg 1026w, https:\/\/aiggroup.com.vn\/wp-content\/uploads\/2023\/09\/Picture12-640x412.jpg 640w, https:\/\/aiggroup.com.vn\/wp-content\/uploads\/2023\/09\/Picture12-768x494.jpg 768w, https:\/\/aiggroup.com.vn\/wp-content\/uploads\/2023\/09\/Picture12-18x12.jpg 18w, https:\/\/aiggroup.com.vn\/wp-content\/uploads\/2023\/09\/Picture12-320x206.jpg 320w\" sizes=\"auto, (max-width: 1026px) 100vw, 1026px\" \/><\/span><\/div><div data-bb-version=\"4.6.1\" class=\"bt_bb_separator bt_bb_border_style_none bt_bb_border_color_none bt_bb_top_spacing_small bt_bb_bottom_spacing_small bt_bb_hidden_xs bt_bb_hidden_ms\" data-bt-override-class=\"{&quot;bt_bb_top_spacing_&quot;:{&quot;current_class&quot;:&quot;bt_bb_top_spacing_small&quot;,&quot;xxl&quot;:&quot;small&quot;},&quot;bt_bb_bottom_spacing_&quot;:{&quot;current_class&quot;:&quot;bt_bb_bottom_spacing_small&quot;,&quot;xxl&quot;:&quot;small&quot;}}\"><\/div><\/div><\/div><\/div><\/div><\/div><div class=\"bt_bb_row\"  data-bt-override-class=\"{}\"><div class=\"bt_bb_row_holder\" ><div data-bb-version=\"4.6.1\"  class=\"bt_bb_column col-xxl-12 col-xl-12 col-xs-12 col-sm-12 col-md-12 col-lg-12 bt_bb_vertical_align_top bt_bb_align_left bt_bb_padding_normal\" style=\"; --column-width:12;\" data-width=\"12\" data-bt-override-class=\"{}\"><div class=\"bt_bb_column_content\"><div class=\"bt_bb_column_content_inner\"><div data-bb-version=\"4.6.1\" class=\"bt_bb_image bt_bb_shape_square bt_bb_target_self bt_bb_align_inherit bt_bb_hover_style_simple bt_bb_content_display_always bt_bb_content_align_middle\" data-bt-override-class=\"{&quot;bt_bb_align_&quot;:{&quot;current_class&quot;:&quot;bt_bb_align_inherit&quot;,&quot;xxl&quot;:&quot;inherit&quot;}}\"><span><img loading=\"lazy\" decoding=\"async\" width=\"1197\" height=\"334\" src=\"https:\/\/aiggroup.com.vn\/wp-content\/uploads\/2023\/09\/Picture13-1.png\" class=\"attachment-full size-full\" alt=\"https:\/\/aiggroup.com.vn\/wp-content\/uploads\/2023\/09\/Picture13-1.png\" data-full_image_src=\"https:\/\/aiggroup.com.vn\/wp-content\/uploads\/2023\/09\/Picture13-1.png\" title=\"Picture13\" srcset=\"https:\/\/aiggroup.com.vn\/wp-content\/uploads\/2023\/09\/Picture13-1.png 1197w, https:\/\/aiggroup.com.vn\/wp-content\/uploads\/2023\/09\/Picture13-1-640x179.png 640w, https:\/\/aiggroup.com.vn\/wp-content\/uploads\/2023\/09\/Picture13-1-768x214.png 768w, https:\/\/aiggroup.com.vn\/wp-content\/uploads\/2023\/09\/Picture13-1-18x5.png 18w, https:\/\/aiggroup.com.vn\/wp-content\/uploads\/2023\/09\/Picture13-1-320x89.png 320w\" sizes=\"auto, (max-width: 1197px) 100vw, 1197px\" \/><\/span><\/div><\/div><\/div><\/div><\/div><\/div><\/div><!-- cell_inner --><\/div><!-- cell --><\/div><!-- port --><\/section>","protected":false},"excerpt":{"rendered":"","protected":false},"author":1,"featured_media":0,"parent":0,"menu_order":0,"comment_status":"closed","ping_status":"closed","template":"","meta":{"footnotes":""},"class_list":["post-4295","page","type-page","status-publish","hentry"],"_links":{"self":[{"href":"https:\/\/aiggroup.com.vn\/en\/wp-json\/wp\/v2\/pages\/4295","targetHints":{"allow":["GET"]}}],"collection":[{"href":"https:\/\/aiggroup.com.vn\/en\/wp-json\/wp\/v2\/pages"}],"about":[{"href":"https:\/\/aiggroup.com.vn\/en\/wp-json\/wp\/v2\/types\/page"}],"author":[{"embeddable":true,"href":"https:\/\/aiggroup.com.vn\/en\/wp-json\/wp\/v2\/users\/1"}],"replies":[{"embeddable":true,"href":"https:\/\/aiggroup.com.vn\/en\/wp-json\/wp\/v2\/comments?post=4295"}],"version-history":[{"count":3,"href":"https:\/\/aiggroup.com.vn\/en\/wp-json\/wp\/v2\/pages\/4295\/revisions"}],"predecessor-version":[{"id":4299,"href":"https:\/\/aiggroup.com.vn\/en\/wp-json\/wp\/v2\/pages\/4295\/revisions\/4299"}],"wp:attachment":[{"href":"https:\/\/aiggroup.com.vn\/en\/wp-json\/wp\/v2\/media?parent=4295"}],"curies":[{"name":"wp","href":"https:\/\/api.w.org\/{rel}","templated":true}]}}