{"id":1590,"date":"2020-08-11T09:36:33","date_gmt":"2020-08-11T09:36:33","guid":{"rendered":"http:\/\/nifty.bold-themes.com\/main-demo\/?page_id=1590"},"modified":"2023-09-24T05:00:26","modified_gmt":"2023-09-24T05:00:26","slug":"dichvu","status":"publish","type":"page","link":"https:\/\/aiggroup.com.vn\/en\/dichvu\/","title":{"rendered":"D\u1ecbch V\u1ee5"},"content":{"rendered":"<p><section data-bb-version=\"4.6.1\" id=\"bt_bb_section69ef8abf25e3a\" class=\"bt_bb_section bt_bb_color_scheme_1 bt_bb_layout_boxed_1200 bt_bb_vertical_align_top bt_bb_background_overlay_top_dark_gradient bt_bb_bottom_section_coverage_image bt_bb_section_with_bottom_coverage_image bt_bb_top_spacing_large bt_bb_bottom_spacing_large\" style=\"; --section-primary-color:#ffffff; --section-secondary-color:#191919;\" data-bt-override-class=\"{&quot;bt_bb_top_spacing_&quot;:{&quot;current_class&quot;:&quot;bt_bb_top_spacing_large&quot;,&quot;xxl&quot;:&quot;large&quot;},&quot;bt_bb_bottom_spacing_&quot;:{&quot;current_class&quot;:&quot;bt_bb_bottom_spacing_large&quot;,&quot;xxl&quot;:&quot;large&quot;}}\"><div class=\"bt_bb_background_image_holder_wrapper\"><div class=\"bt_bb_background_image_holder btLazyLoadBackground bt_bb_parallax\"  data-background_image_src=\"https:\/\/aiggroup.com.vn\/wp-content\/uploads\/2023\/08\/Best-Organic-Fertilizers-1200x667-1.jpg\" data-parallax=\"0.7\" data-parallax-offset=\"0\" data-parallax-zoom-start=\"1\" data-parallax-zoom-end=\"1\" data-parallax-blur-start=\"0\" data-parallax-blur-end=\"0\" data-parallax-opacity-start=\"1\" data-parallax-opacity-end=\"1\" style=\" background-image: url(&#039;https:\/\/aiggroup.com.vn\/wp-content\/plugins\/bold-page-builder\/img\/blank.gif&#039;);\"><\/div><\/div><div class=\"bt_bb_port\"><div class=\"bt_bb_cell\"><div class=\"bt_bb_cell_inner\"><div class=\"bt_bb_row\"  data-bt-override-class=\"{}\"><div class=\"bt_bb_row_holder\" ><div  class=\"bt_bb_column col-xxl-7 col-xl-7 bt_bb_vertical_align_top bt_bb_align_left bt_bb_padding_normal bt_bb_animation_fade_in animate\" style=\"; --column-width:7;\" data-width=\"7\" data-bt-override-class=\"{}\"><div class=\"bt_bb_column_content\"><div class=\"bt_bb_column_content_inner\"><div class=\"bt_bb_separator bt_bb_border_style_none bt_bb_border_color_none bt_bb_bottom_spacing_large bt_bb_hidden_xs bt_bb_hidden_ms\" data-bt-override-class=\"null\"><\/div><header data-bb-version=\"4.6.1\" class=\"bt_bb_headline bt_bb_dash_none bt_bb_size_huge bt_bb_align_inherit\" data-bt-override-class=\"{&quot;bt_bb_size_&quot;:{&quot;current_class&quot;:&quot;bt_bb_size_huge&quot;,&quot;xxl&quot;:&quot;huge&quot;},&quot;bt_bb_align_&quot;:{&quot;current_class&quot;:&quot;bt_bb_align_inherit&quot;,&quot;xxl&quot;:&quot;inherit&quot;}}\"><h2 class=\"bt_bb_headline_tag translation-block\"><span class=\"bt_bb_headline_content\"><span><b>Our<\/b> Service<\/span><\/span><\/h2><\/header><div class=\"bt_bb_separator bt_bb_border_style_none bt_bb_border_color_none bt_bb_bottom_spacing_extra_large bt_bb_hidden_xs bt_bb_hidden_ms\" data-bt-override-class=\"null\"><\/div><\/div><\/div><\/div><div  class=\"bt_bb_column col-xxl-5 col-xl-5 bt_bb_vertical_align_top bt_bb_align_left bt_bb_padding_normal\" style=\"; --column-width:5;\" data-width=\"5\" data-bt-override-class=\"{}\"><div class=\"bt_bb_column_content\"><div class=\"bt_bb_column_content_inner\"><div data-bb-version=\"4.6.1\" class=\"bt_bb_floating_image bt_bb_floating_image_horizontal_position_default bt_bb_floating_image_vertical_position_default bt_bb_floating_image_animation_delay_default bt_bb_floating_image_animation_duration_default bt_bb_floating_image_animation_style_ease_out\" data-speed=\"1.0\" data-direction=\"\" ><div class=\"bt_bb_floating_image_image\"><div class=\"bt_bb_image\" data-bt-override-class=\"{}\"><span><img fetchpriority=\"high\" decoding=\"async\" width=\"285\" height=\"260\" src=\"https:\/\/aiggroup.com.vn\/wp-content\/uploads\/2020\/08\/floating_image_12.png\" class=\"attachment-full size-full\" alt=\"https:\/\/aiggroup.com.vn\/wp-content\/uploads\/2020\/08\/floating_image_12.png\" data-full_image_src=\"https:\/\/aiggroup.com.vn\/wp-content\/uploads\/2020\/08\/floating_image_12.png\" title=\"floating_image_12\" loading=\"eager\" \/><\/span><\/div><\/div><\/div><div data-bb-version=\"4.6.1\" class=\"bt_bb_floating_image bt_bb_floating_image_horizontal_position_right bt_bb_floating_image_vertical_position_bottom bt_bb_floating_image_animation_delay_default bt_bb_floating_image_animation_duration_default bt_bb_floating_image_animation_style_ease_out\" data-speed=\"1.0\" data-direction=\"\" ><div class=\"bt_bb_floating_image_image\"><div class=\"bt_bb_image\" data-bt-override-class=\"{}\"><span><img decoding=\"async\" width=\"400\" height=\"400\" src=\"https:\/\/aiggroup.com.vn\/wp-content\/uploads\/2020\/08\/floating_image_10.png\" class=\"attachment-full size-full\" alt=\"https:\/\/aiggroup.com.vn\/wp-content\/uploads\/2020\/08\/floating_image_10.png\" data-full_image_src=\"https:\/\/aiggroup.com.vn\/wp-content\/uploads\/2020\/08\/floating_image_10.png\" title=\"floating_image_10\" loading=\"eager\" srcset=\"https:\/\/aiggroup.com.vn\/wp-content\/uploads\/2020\/08\/floating_image_10.png 400w, https:\/\/aiggroup.com.vn\/wp-content\/uploads\/2020\/08\/floating_image_10-160x160.png 160w, https:\/\/aiggroup.com.vn\/wp-content\/uploads\/2020\/08\/floating_image_10-320x320.png 320w\" sizes=\"(max-width: 400px) 100vw, 400px\" \/><\/span><\/div><\/div><\/div><\/div><\/div><\/div><\/div><\/div><div data-bb-version=\"4.6.1\" class=\"bt_bb_row\"  data-bt-override-class=\"{}\"><div class=\"bt_bb_row_holder\" ><div data-bb-version=\"4.6.1\"  class=\"bt_bb_column col-xxl-12 col-xl-12 col-xs-12 col-sm-12 col-md-12 col-lg-12 bt_bb_vertical_align_top bt_bb_align_left bt_bb_padding_normal\" style=\"; --column-width:12;\" data-width=\"12\" data-bt-override-class=\"{}\"><div class=\"bt_bb_column_content\"><div class=\"bt_bb_column_content_inner\"><\/div><\/div><\/div><\/div><\/div><\/div><!-- cell_inner --><\/div><!-- cell --><\/div><!-- port --><div class=\"bt_bb_section_bottom_section_coverage_image\"><img decoding=\"async\" src=\"https:\/\/aiggroup.com.vn\/wp-content\/uploads\/2020\/10\/bottom_wave_02_gray.png\" alt=\"bt_bb_section_bottom_section_coverage_image\" \/><\/div><\/section><section data-bb-version=\"4.6.1\" id=\"bt_bb_section69ef8abf26905\" class=\"bt_bb_section bt_bb_layout_boxed_1200 bt_bb_vertical_align_top bt_bb_top_spacing_large bt_bb_bottom_spacing_large\" style=\";background-color:rgb(247,247,245);\" data-bt-override-class=\"{&quot;bt_bb_top_spacing_&quot;:{&quot;current_class&quot;:&quot;bt_bb_top_spacing_large&quot;,&quot;xxl&quot;:&quot;large&quot;},&quot;bt_bb_bottom_spacing_&quot;:{&quot;current_class&quot;:&quot;bt_bb_bottom_spacing_large&quot;,&quot;xxl&quot;:&quot;large&quot;}}\"><div class=\"bt_bb_background_image_holder_wrapper\"><div class=\"bt_bb_background_image_holder btLazyLoadBackground bt_bb_parallax\"  data-background_image_src=\"https:\/\/aiggroup.com.vn\/wp-content\/uploads\/2020\/09\/background_dots_04.png\" data-parallax=\"0.7\" data-parallax-offset=\"0\" data-parallax-zoom-start=\"1\" data-parallax-zoom-end=\"1\" data-parallax-blur-start=\"0\" data-parallax-blur-end=\"0\" data-parallax-opacity-start=\"1\" data-parallax-opacity-end=\"1\" style=\" background-image: url(&#039;https:\/\/aiggroup.com.vn\/wp-content\/plugins\/bold-page-builder\/img\/blank.gif&#039;);\"><\/div><\/div><div class=\"bt_bb_port\"><div class=\"bt_bb_cell\"><div class=\"bt_bb_cell_inner\"><div class=\"bt_bb_row\"  data-bt-override-class=\"{}\"><div class=\"bt_bb_row_holder\" ><div  class=\"bt_bb_column col-xxl-2 col-xl-2 bt_bb_vertical_align_top bt_bb_align_left bt_bb_padding_normal\" style=\"; --column-width:2;\" data-width=\"2\" data-bt-override-class=\"{}\"><div class=\"bt_bb_column_content\"><div class=\"bt_bb_column_content_inner\"><\/div><\/div><\/div><div  class=\"bt_bb_column col-xxl-8 col-xl-8 bt_bb_vertical_align_top bt_bb_align_center bt_bb_padding_normal bt_bb_animation_fade_in animate\" style=\"; --column-width:8;\" data-width=\"8\" data-bt-override-class=\"{}\"><div class=\"bt_bb_column_content\"><div class=\"bt_bb_column_content_inner\"><header data-bb-version=\"4.6.1\" class=\"bt_bb_headline bt_bb_dash_none bt_bb_subheadline bt_bb_size_large bt_bb_align_inherit\" data-bt-override-class=\"{&quot;bt_bb_size_&quot;:{&quot;current_class&quot;:&quot;bt_bb_size_large&quot;,&quot;xxl&quot;:&quot;large&quot;},&quot;bt_bb_align_&quot;:{&quot;current_class&quot;:&quot;bt_bb_align_inherit&quot;,&quot;xxl&quot;:&quot;inherit&quot;}}\"><h3 class=\"bt_bb_headline_tag translation-block\"><span class=\"bt_bb_headline_content\"><span><b>Our<\/b> Service<\/span><\/span><\/h3><div class=\"bt_bb_headline_subheadline\">We are very pleased to serve you!<\/div><\/header><div class=\"bt_bb_separator bt_bb_border_style_none bt_bb_border_color_none bt_bb_bottom_spacing_medium\" data-bt-override-class=\"null\"><\/div><\/div><\/div><\/div><div  class=\"bt_bb_column col-xxl-2 col-xl-2 bt_bb_vertical_align_top bt_bb_align_left bt_bb_padding_normal\" style=\"; --column-width:2;\" data-width=\"2\" data-bt-override-class=\"{}\"><div class=\"bt_bb_column_content\"><div class=\"bt_bb_column_content_inner\"><\/div><\/div><\/div><\/div><\/div><div class=\"bt_bb_row\"  data-bt-override-class=\"{}\"><div class=\"bt_bb_row_holder\" ><div  class=\"bt_bb_column col-xxl-4 col-xl-4 bt_bb_vertical_align_top bt_bb_align_center bt_bb_padding_normal bt_bb_animation_fade_in animate\" style=\"; --column-width:4;\" data-width=\"4\" data-bt-override-class=\"{}\"><div class=\"bt_bb_column_content\"><div class=\"bt_bb_column_content_inner\"><div data-bb-version=\"4.6.1\" class=\"bt_bb_card_image bt_bb_border_show bt_bb_title_size_small\"><div class=\"bt_bb_card_image_image\"><div class=\"bt_bb_image bt_bb_target_self\" data-bt-override-class=\"{}\"><a href=\"https:\/\/aiggroup.com.vn\/en\/tu-van-du-an\/\"  target=\"_self\" title=\"tvpl\"><img loading=\"lazy\" decoding=\"async\" width=\"1119\" height=\"734\" src=\"https:\/\/aiggroup.com.vn\/wp-content\/uploads\/2023\/09\/tvpl.png\" class=\"attachment-full size-full\" alt=\"https:\/\/aiggroup.com.vn\/wp-content\/uploads\/2023\/09\/tvpl.png\" data-full_image_src=\"https:\/\/aiggroup.com.vn\/wp-content\/uploads\/2023\/09\/tvpl.png\" title=\"tvpl\" srcset=\"https:\/\/aiggroup.com.vn\/wp-content\/uploads\/2023\/09\/tvpl.png 1119w, https:\/\/aiggroup.com.vn\/wp-content\/uploads\/2023\/09\/tvpl-640x420.png 640w, https:\/\/aiggroup.com.vn\/wp-content\/uploads\/2023\/09\/tvpl-768x504.png 768w, https:\/\/aiggroup.com.vn\/wp-content\/uploads\/2023\/09\/tvpl-320x210.png 320w\" sizes=\"auto, (max-width: 1119px) 100vw, 1119px\" \/><\/a><\/div><\/div><div class=\"bt_bb_card_image_content\"><div class=\"bt_bb_card_image_content_inner\"><div class=\"bt_bb_card_image_title\"><header class=\"bt_bb_headline bt_bb_size_small\" data-bt-override-class=\"{}\"><h2 class=\"bt_bb_headline_tag\"><span class=\"bt_bb_headline_content\"><span><a href=\"https:\/\/aiggroup.com.vn\/en\/tu-van-du-an\/\" target=\"_self\" title=\"Legal \/ Planning \/ Construction Consulting\">Legal \/ Planning \/ Construction Consulting<\/a><\/span><\/span><\/h2><\/header><\/div><div class=\"bt_bb_card_image_text\">AIG carries out small projects such as residential houses and resorts to large projects such as residential areas and industrial parks.<br \/>\n<\/div><\/div><\/div><\/div><div class=\"bt_bb_separator bt_bb_border_style_none bt_bb_border_color_none bt_bb_top_spacing_medium bt_bb_hidden_md bt_bb_hidden_lg\" data-bt-override-class=\"null\"><\/div><\/div><\/div><\/div><div  class=\"bt_bb_column col-xxl-4 col-xl-4 bt_bb_vertical_align_top bt_bb_align_center bt_bb_padding_normal bt_bb_animation_fade_in animate\" style=\"; --column-width:4;\" data-width=\"4\" data-bt-override-class=\"{}\"><div class=\"bt_bb_column_content\"><div class=\"bt_bb_column_content_inner\"><div data-bb-version=\"4.6.1\" class=\"bt_bb_card_image bt_bb_border_show bt_bb_title_size_small\"><div class=\"bt_bb_card_image_image\"><div class=\"bt_bb_image bt_bb_target_self\" data-bt-override-class=\"{}\"><a href=\"https:\/\/aiggroup.com.vn\/en\/kinhdoanh\/\"  target=\"_self\" title=\"pb\"><img loading=\"lazy\" decoding=\"async\" width=\"1120\" height=\"735\" src=\"https:\/\/aiggroup.com.vn\/wp-content\/uploads\/2023\/09\/pb.png\" class=\"attachment-full size-full\" alt=\"https:\/\/aiggroup.com.vn\/wp-content\/uploads\/2023\/09\/pb.png\" data-full_image_src=\"https:\/\/aiggroup.com.vn\/wp-content\/uploads\/2023\/09\/pb.png\" title=\"pb\" srcset=\"https:\/\/aiggroup.com.vn\/wp-content\/uploads\/2023\/09\/pb.png 1120w, https:\/\/aiggroup.com.vn\/wp-content\/uploads\/2023\/09\/pb-640x420.png 640w, https:\/\/aiggroup.com.vn\/wp-content\/uploads\/2023\/09\/pb-768x504.png 768w, https:\/\/aiggroup.com.vn\/wp-content\/uploads\/2023\/09\/pb-320x210.png 320w\" sizes=\"auto, (max-width: 1120px) 100vw, 1120px\" \/><\/a><\/div><\/div><div class=\"bt_bb_card_image_content\"><div class=\"bt_bb_card_image_content_inner\"><div class=\"bt_bb_card_image_title\"><header class=\"bt_bb_headline bt_bb_size_small\" data-bt-override-class=\"{}\"><h2 class=\"bt_bb_headline_tag\"><span class=\"bt_bb_headline_content\"><span><a href=\"https:\/\/aiggroup.com.vn\/en\/kinhdoanh\/\" target=\"_self\" title=\"Consulting on expanding multi-field business markets\">Consulting on expanding multi-field business markets<\/a><\/span><\/span><\/h2><\/header><\/div><div class=\"bt_bb_card_image_text\">``T\u1eadp trung v\u00e0o th\u1ecb tr\u01b0\u1eddng T\u00e2y Nam B\u1ed9. \u0110\u1ecbnh h\u01b0\u1edbng m\u1edf r\u1ed9ng th\u1ecb tr\u01b0\u1eddng l\u00ean khu v\u1ef1c Duy\u00ean h\u1ea3i Nam trung b\u1ed9 v\u00e0 T\u00e2y Nguy\u00ean trong k\u1ebf ho\u1ea1ch 5 n\u0103m``<br \/>\n<\/div><\/div><\/div><\/div><div class=\"bt_bb_separator bt_bb_border_style_none bt_bb_border_color_none bt_bb_top_spacing_medium bt_bb_hidden_md bt_bb_hidden_lg\" data-bt-override-class=\"null\"><\/div><\/div><\/div><\/div><div  class=\"bt_bb_column col-xxl-4 col-xl-4 bt_bb_vertical_align_top bt_bb_align_center bt_bb_padding_normal bt_bb_animation_fade_in animate\" style=\"; --column-width:4;\" data-width=\"4\" data-bt-override-class=\"{}\"><div class=\"bt_bb_column_content\"><div class=\"bt_bb_column_content_inner\"><div data-bb-version=\"4.6.1\" class=\"bt_bb_card_image bt_bb_border_show bt_bb_title_size_small\"><div class=\"bt_bb_card_image_image\"><div class=\"bt_bb_image bt_bb_target_self\" data-bt-override-class=\"{}\"><a href=\"http:\/\/tuvandautunangluong\"  target=\"_self\" title=\"nlmt\"><img loading=\"lazy\" decoding=\"async\" width=\"1121\" height=\"736\" src=\"https:\/\/aiggroup.com.vn\/wp-content\/uploads\/2023\/09\/nlmt.png\" class=\"attachment-full size-full\" alt=\"https:\/\/aiggroup.com.vn\/wp-content\/uploads\/2023\/09\/nlmt.png\" data-full_image_src=\"https:\/\/aiggroup.com.vn\/wp-content\/uploads\/2023\/09\/nlmt.png\" title=\"nlmt\" srcset=\"https:\/\/aiggroup.com.vn\/wp-content\/uploads\/2023\/09\/nlmt.png 1121w, https:\/\/aiggroup.com.vn\/wp-content\/uploads\/2023\/09\/nlmt-640x420.png 640w, https:\/\/aiggroup.com.vn\/wp-content\/uploads\/2023\/09\/nlmt-768x504.png 768w, https:\/\/aiggroup.com.vn\/wp-content\/uploads\/2023\/09\/nlmt-320x210.png 320w\" sizes=\"auto, (max-width: 1121px) 100vw, 1121px\" \/><\/a><\/div><\/div><div class=\"bt_bb_card_image_content\"><div class=\"bt_bb_card_image_content_inner\"><div class=\"bt_bb_card_image_title\"><header class=\"bt_bb_headline bt_bb_size_small\" data-bt-override-class=\"{}\"><h2 class=\"bt_bb_headline_tag\"><span class=\"bt_bb_headline_content\"><span><a href=\"\/en\/tuvandautunangluong\/\" target=\"_self\" title=\"Energy Investment Consulting\">Energy Investment Consulting<\/a><\/span><\/span><\/h2><\/header><\/div><div class=\"bt_bb_card_image_text\">Development potential in Long An industrial parks, civil works such as Apartments, Schools,....<br \/>\n<\/div><\/div><\/div><\/div><div class=\"bt_bb_separator bt_bb_border_style_none bt_bb_border_color_none bt_bb_top_spacing_medium bt_bb_hidden_md bt_bb_hidden_lg\" data-bt-override-class=\"null\"><\/div><\/div><\/div><\/div><\/div><\/div><\/div><!-- cell_inner --><\/div><!-- cell --><\/div><!-- port --><\/section><section data-bb-version=\"4.6.1\" id=\"bt_bb_section69ef8abf27f91\" class=\"bt_bb_section bt_bb_color_scheme_1 bt_bb_layout_boxed_1200 bt_bb_vertical_align_top bt_bb_background_overlay_dark_gradient bt_bb_top_section_coverage_image bt_bb_section_with_top_coverage_image bt_bb_bottom_section_coverage_image bt_bb_section_with_bottom_coverage_image bt_bb_top_spacing_extra_large bt_bb_bottom_spacing_extra_large bt_bb_section_allow_content_outside\" style=\"; --section-primary-color:#ffffff; --section-secondary-color:#191919;\" data-bt-override-class=\"{&quot;bt_bb_top_spacing_&quot;:{&quot;current_class&quot;:&quot;bt_bb_top_spacing_extra_large&quot;,&quot;xxl&quot;:&quot;extra_large&quot;},&quot;bt_bb_bottom_spacing_&quot;:{&quot;current_class&quot;:&quot;bt_bb_bottom_spacing_extra_large&quot;,&quot;xxl&quot;:&quot;extra_large&quot;}}\"><div class=\"bt_bb_background_image_holder_wrapper\"><div class=\"bt_bb_background_image_holder btLazyLoadBackground bt_bb_parallax\"  data-background_image_src=\"https:\/\/aiggroup.com.vn\/wp-content\/uploads\/2023\/09\/snapedit_1695531541684.png\" data-parallax=\"0.6\" data-parallax-offset=\"0\" data-parallax-zoom-start=\"1\" data-parallax-zoom-end=\"1\" data-parallax-blur-start=\"0\" data-parallax-blur-end=\"0\" data-parallax-opacity-start=\"1\" data-parallax-opacity-end=\"1\" style=\" background-image: url(&#039;https:\/\/aiggroup.com.vn\/wp-content\/plugins\/bold-page-builder\/img\/blank.gif&#039;);\"><\/div><\/div><div class=\"bt_bb_port\"><div class=\"bt_bb_cell\"><div class=\"bt_bb_cell_inner\"><div class=\"bt_bb_row\"  data-bt-override-class=\"{}\"><div class=\"bt_bb_row_holder\" ><div  class=\"bt_bb_column col-xxl-4 col-xl-4 bt_bb_vertical_align_top bt_bb_align_left bt_bb_padding_normal\" style=\"; --column-width:4;\" data-width=\"4\" data-bt-override-class=\"{}\"><div class=\"bt_bb_column_content\"><div class=\"bt_bb_column_content_inner\"><\/div><\/div><\/div><div  class=\"bt_bb_column col-xxl-8 col-xl-8 bt_bb_vertical_align_top bt_bb_align_left bt_bb_padding_normal bt_bb_animation_fade_in animate\" style=\"; --column-width:8;\" data-width=\"8\" data-bt-override-class=\"{}\"><div class=\"bt_bb_column_content\"><div class=\"bt_bb_column_content_inner\"><div class=\"bt_bb_separator bt_bb_border_style_none bt_bb_border_color_none bt_bb_top_spacing_medium bt_bb_bottom_spacing_large bt_bb_hidden_xs bt_bb_hidden_ms\" data-bt-override-class=\"null\"><\/div><div class=\"bt_bb_floating_image bt_bb_floating_image_horizontal_position_right bt_bb_floating_image_vertical_position_top bt_bb_floating_image_animation_delay_default bt_bb_floating_image_animation_duration_default bt_bb_floating_image_animation_style_ease_out bt_bb_hidden_xs bt_bb_hidden_ms bt_bb_hidden_sm\" style=\"right: 20em; z-index: -1; top: -24em;\" data-speed=\"0.4\" data-direction=\"\" ><div class=\"bt_bb_floating_image_image\"><div class=\"bt_bb_image\" data-bt-override-class=\"{}\"><span><img decoding=\"async\" width=\"670\" height=\"750\" src=\"https:\/\/aiggroup.com.vn\/wp-content\/uploads\/2020\/08\/floating_image_06.png\" class=\"attachment-full size-full\" alt=\"https:\/\/aiggroup.com.vn\/wp-content\/uploads\/2020\/08\/floating_image_06.png\" data-full_image_src=\"https:\/\/aiggroup.com.vn\/wp-content\/uploads\/2020\/08\/floating_image_06.png\" title=\"floating_image_06\" loading=\"eager\" srcset=\"https:\/\/aiggroup.com.vn\/wp-content\/uploads\/2020\/08\/floating_image_06.png 670w, https:\/\/aiggroup.com.vn\/wp-content\/uploads\/2020\/08\/floating_image_06-640x716.png 640w, https:\/\/aiggroup.com.vn\/wp-content\/uploads\/2020\/08\/floating_image_06-320x358.png 320w\" sizes=\"(max-width: 670px) 100vw, 670px\" \/><\/span><\/div><\/div><\/div><div class=\"bt_bb_floating_image bt_bb_floating_image_horizontal_position_right bt_bb_floating_image_vertical_position_middle bt_bb_floating_image_animation_delay_200 bt_bb_floating_image_animation_duration_default bt_bb_floating_image_animation_style_ease_out bt_bb_hidden_xs bt_bb_hidden_ms bt_bb_hidden_sm\" style=\"right: 6em; z-index: -1;\" data-speed=\"0.4\" data-direction=\"\" ><div class=\"bt_bb_floating_image_image\"><div class=\"bt_bb_image\" data-bt-override-class=\"{}\"><span><img decoding=\"async\" width=\"240\" height=\"285\" src=\"https:\/\/aiggroup.com.vn\/wp-content\/uploads\/2020\/08\/floating_image_08.png\" class=\"attachment-full size-full\" alt=\"https:\/\/aiggroup.com.vn\/wp-content\/uploads\/2020\/08\/floating_image_08.png\" data-full_image_src=\"https:\/\/aiggroup.com.vn\/wp-content\/uploads\/2020\/08\/floating_image_08.png\" title=\"floating_image_08\" loading=\"eager\" \/><\/span><\/div><\/div><\/div><div class=\"bt_bb_floating_image bt_bb_floating_image_horizontal_position_right bt_bb_floating_image_vertical_position_bottom bt_bb_floating_image_animation_delay_300 bt_bb_floating_image_animation_duration_default bt_bb_floating_image_animation_style_ease_out bt_bb_hidden_xs bt_bb_hidden_ms bt_bb_hidden_sm\" style=\"bottom: -12em; right: -17em;\" data-speed=\"0.4\" data-direction=\"\" ><div class=\"bt_bb_floating_image_image\"><div class=\"bt_bb_image\" data-bt-override-class=\"{}\"><span><img decoding=\"async\" width=\"570\" height=\"410\" src=\"https:\/\/aiggroup.com.vn\/wp-content\/uploads\/2020\/08\/floating_image_07.png\" class=\"attachment-full size-full\" alt=\"https:\/\/aiggroup.com.vn\/wp-content\/uploads\/2020\/08\/floating_image_07.png\" data-full_image_src=\"https:\/\/aiggroup.com.vn\/wp-content\/uploads\/2020\/08\/floating_image_07.png\" title=\"floating_image_07\" loading=\"eager\" srcset=\"https:\/\/aiggroup.com.vn\/wp-content\/uploads\/2020\/08\/floating_image_07.png 570w, https:\/\/aiggroup.com.vn\/wp-content\/uploads\/2020\/08\/floating_image_07-320x230.png 320w\" sizes=\"(max-width: 570px) 100vw, 570px\" \/><\/span><\/div><\/div><\/div><div data-bb-version=\"4.6.1\" class=\"bt_bb_testimonial bt_bb_text_size_large bt_bb_font_weight_light bt_bb_quote_color_transparent_light bt_bb_text_style_italic\"><div class=\"bt_bb_testimonial_text\"><span style=\"font-family:'IBM Plex Serif';\">The prime objective of our service is to answer customer questions quickly and effectively, resolve issues with empathy and care, document pain points to share with internal teams, nurture relationships, and improve brand credibility<\/span><\/div><div class=\"bt_bb_testimonial_text_box\"><div class=\"bt_bb_testimonial_left_box\"><span class=\"bt_bb_testimonial_name\">V\u00f5 Tr\u1ea7n \u0110\u0103ng Khoa<\/span><span class=\"bt_bb_testimonial_details\">General Manager<\/span><\/div><div class=\"bt_bb_testimonial_right_box\"><\/div><\/div><\/div><div class=\"bt_bb_separator bt_bb_border_style_none bt_bb_border_color_none bt_bb_bottom_spacing_normal\" data-bt-override-class=\"null\"><\/div><div class=\"bt_bb_separator bt_bb_border_style_none bt_bb_border_color_none bt_bb_bottom_spacing_large\" data-bt-override-class=\"null\"><\/div><\/div><\/div><\/div><\/div><\/div><\/div><!-- cell_inner --><\/div><!-- cell --><\/div><!-- port --><div class=\"bt_bb_section_top_section_coverage_image\"><img decoding=\"async\" src=\"https:\/\/aiggroup.com.vn\/wp-content\/uploads\/2020\/09\/top_wave_04.png\" alt=\"bt_bb_section_top_section_coverage_image\" \/><\/div><div class=\"bt_bb_section_bottom_section_coverage_image\"><img decoding=\"async\" src=\"https:\/\/aiggroup.com.vn\/wp-content\/uploads\/2020\/08\/Wave_White_bottom_left_shape_02.png\" alt=\"bt_bb_section_bottom_section_coverage_image\" \/><\/div><\/section><section id=\"bt_bb_section69ef8abf28a2a\" class=\"bt_bb_section bt_bb_layout_wide bt_bb_vertical_align_top\"  data-bt-override-class=\"null\"><div class=\"bt_bb_port\"><div class=\"bt_bb_cell\"><div class=\"bt_bb_cell_inner\"><div class=\"bt_bb_row\"  data-bt-override-class=\"{}\"><div class=\"bt_bb_row_holder\" ><div  class=\"bt_bb_column col-xxl-12 col-xl-12 bt_bb_vertical_align_top bt_bb_align_left bt_bb_padding_normal bt_bb_animation_fade_in animate\" style=\"; --column-width:12;\" data-width=\"12\" data-bt-override-class=\"{}\"><div class=\"bt_bb_column_content\"><div class=\"bt_bb_column_content_inner\"><div class=\"bt_bb_floating_image bt_bb_floating_image_horizontal_position_left bt_bb_floating_image_vertical_position_top bt_bb_floating_image_animation_delay_600 bt_bb_floating_image_animation_duration_default bt_bb_floating_image_animation_style_ease_out bt_bb_hidden_xs bt_bb_hidden_ms bt_bb_hidden_sm\" style=\"top: -31em; left: -2em;\" data-speed=\"0.4\" data-direction=\"\" ><div class=\"bt_bb_floating_image_image\"><div class=\"bt_bb_image\" data-bt-override-class=\"{}\"><span><img decoding=\"async\" width=\"533\" height=\"634\" src=\"https:\/\/aiggroup.com.vn\/wp-content\/uploads\/2020\/08\/floating_image_04.png\" class=\"attachment-full size-full\" alt=\"https:\/\/aiggroup.com.vn\/wp-content\/uploads\/2020\/08\/floating_image_04.png\" data-full_image_src=\"https:\/\/aiggroup.com.vn\/wp-content\/uploads\/2020\/08\/floating_image_04.png\" title=\"floating_image_04\" loading=\"eager\" srcset=\"https:\/\/aiggroup.com.vn\/wp-content\/uploads\/2020\/08\/floating_image_04.png 533w, https:\/\/aiggroup.com.vn\/wp-content\/uploads\/2020\/08\/floating_image_04-320x381.png 320w\" sizes=\"(max-width: 533px) 100vw, 533px\" \/><\/span><\/div><\/div><\/div><\/div><\/div><\/div><\/div><\/div><\/div><!-- cell_inner --><\/div><!-- cell --><\/div><!-- port --><\/section><\/p>","protected":false},"excerpt":{"rendered":"","protected":false},"author":2,"featured_media":0,"parent":0,"menu_order":0,"comment_status":"closed","ping_status":"closed","template":"","meta":{"footnotes":""},"class_list":["post-1590","page","type-page","status-publish","hentry"],"_links":{"self":[{"href":"https:\/\/aiggroup.com.vn\/en\/wp-json\/wp\/v2\/pages\/1590","targetHints":{"allow":["GET"]}}],"collection":[{"href":"https:\/\/aiggroup.com.vn\/en\/wp-json\/wp\/v2\/pages"}],"about":[{"href":"https:\/\/aiggroup.com.vn\/en\/wp-json\/wp\/v2\/types\/page"}],"author":[{"embeddable":true,"href":"https:\/\/aiggroup.com.vn\/en\/wp-json\/wp\/v2\/users\/2"}],"replies":[{"embeddable":true,"href":"https:\/\/aiggroup.com.vn\/en\/wp-json\/wp\/v2\/comments?post=1590"}],"version-history":[{"count":66,"href":"https:\/\/aiggroup.com.vn\/en\/wp-json\/wp\/v2\/pages\/1590\/revisions"}],"predecessor-version":[{"id":4277,"href":"https:\/\/aiggroup.com.vn\/en\/wp-json\/wp\/v2\/pages\/1590\/revisions\/4277"}],"wp:attachment":[{"href":"https:\/\/aiggroup.com.vn\/en\/wp-json\/wp\/v2\/media?parent=1590"}],"curies":[{"name":"wp","href":"https:\/\/api.w.org\/{rel}","templated":true}]}}