{"id":1311,"date":"2018-09-19T10:26:01","date_gmt":"2018-09-19T10:26:01","guid":{"rendered":"http:\/\/law-firm.bold-themes.com\/master-import\/?page_id=1311"},"modified":"2018-09-19T10:26:01","modified_gmt":"2018-09-19T10:26:01","slug":"blog-layouts","status":"publish","type":"page","link":"https:\/\/aiggroup.com.vn\/en\/elements\/blog-layouts\/","title":{"rendered":"Blog Layouts"},"content":{"rendered":"<p><section id=\"bt_bb_section69f4676497db4\" class=\"bt_bb_section bt_bb_color_scheme_1 bt_bb_layout_boxed_1200 bt_bb_vertical_align_top bt_bb_background_overlay_dark_solid bt_bb_bottom_section_coverage_image bt_bb_section_with_bottom_coverage_image bt_bb_top_spacing_large bt_bb_bottom_spacing_extra_large\" style=\"; --section-primary-color:#ffffff; --section-secondary-color:#191919;\" data-bt-override-class=\"null\"><div class=\"bt_bb_background_image_holder_wrapper\"><div class=\"bt_bb_background_image_holder bt_bb_parallax\"  data-parallax=\"0.6\" data-parallax-offset=\"0\" data-parallax-zoom-start=\"1\" data-parallax-zoom-end=\"1\" data-parallax-blur-start=\"0\" data-parallax-blur-end=\"0\" data-parallax-opacity-start=\"1\" data-parallax-opacity-end=\"1\" style=\" background-image:url(&#039;https:\/\/aiggroup.com.vn\/wp-content\/uploads\/2018\/09\/featured_image.jpg&#039;);\"><\/div><\/div><div class=\"bt_bb_port\"><div class=\"bt_bb_cell\"><div class=\"bt_bb_cell_inner\"><div class=\"bt_bb_row\"  data-bt-override-class=\"{}\"><div class=\"bt_bb_row_holder\" ><div  class=\"bt_bb_column col-xxl-2 col-xl-2 bt_bb_vertical_align_top bt_bb_align_left bt_bb_padding_normal\" style=\"; --column-width:2;\" data-width=\"2\" data-bt-override-class=\"{}\"><div class=\"bt_bb_column_content\"><div class=\"bt_bb_column_content_inner\"><\/div><\/div><\/div><div  class=\"bt_bb_column col-xxl-8 col-xl-8 bt_bb_vertical_align_middle bt_bb_align_center bt_bb_padding_normal bt_bb_animation_fade_in animate\" style=\"; --column-width:8;\" data-width=\"8\" data-bt-override-class=\"{}\"><div class=\"bt_bb_column_content\"><div class=\"bt_bb_column_content_inner\"><div class=\"bt_bb_separator bt_bb_border_style_none bt_bb_border_color_none bt_bb_bottom_spacing_large\" data-bt-override-class=\"null\"><\/div><header class=\"bt_bb_headline bt_bb_dash_none bt_bb_size_huge bt_bb_align_inherit\" data-bt-override-class=\"{}\"><h1 class=\"bt_bb_headline_tag\"><span class=\"bt_bb_headline_content\"><span>Blog Layouts<\/span><\/span><\/h1><\/header><\/div><\/div><\/div><div  class=\"bt_bb_column col-xxl-2 col-xl-2 bt_bb_vertical_align_top bt_bb_align_left bt_bb_padding_normal\" style=\"; --column-width:2;\" data-width=\"2\" data-bt-override-class=\"{}\"><div class=\"bt_bb_column_content\"><div class=\"bt_bb_column_content_inner\"><\/div><\/div><\/div><\/div><\/div><\/div><!-- cell_inner --><\/div><!-- cell --><\/div><!-- port --><div class=\"bt_bb_section_bottom_section_coverage_image\"><img decoding=\"async\" src=\"https:\/\/aiggroup.com.vn\/wp-content\/uploads\/2020\/08\/Wave_White_bottom_right_shape_03.png\" alt=\"bt_bb_section_bottom_section_coverage_image\" \/><\/div><\/section><section id=\"bt_bb_section69f4676498053\" class=\"bt_bb_section bt_bb_layout_boxed_1200 bt_bb_vertical_align_top bt_bb_top_spacing_large bt_bb_bottom_spacing_large\"  data-bt-override-class=\"null\"><div class=\"bt_bb_port\"><div class=\"bt_bb_cell\"><div class=\"bt_bb_cell_inner\"><div class=\"bt_bb_row\"  data-bt-override-class=\"{}\"><div class=\"bt_bb_row_holder\" ><div  class=\"bt_bb_column col-xxl-12 col-xl-12 bt_bb_vertical_align_top bt_bb_align_left bt_bb_padding_normal bt_bb_animation_fade_in animate\" style=\"; --column-width:12;\" data-width=\"12\" data-bt-override-class=\"{}\"><div class=\"bt_bb_column_content\"><div class=\"bt_bb_column_content_inner\"><div class=\"bt_bb_masonry_post_grid bt_bb_grid_container bt_bb_columns_3 bt_bb_gap_normal bt_bb_show_read_more_show_read_more\" data-columns=\"3\"><div class=\"bt_bb_post_grid_filter\"><span class=\"bt_bb_post_grid_filter_item active\" data-category=\"\">All<\/span><span class=\"bt_bb_post_grid_filter_item\" data-category=\"business\">Business<\/span><span class=\"bt_bb_post_grid_filter_item\" data-category=\"consulting\">Consulting<\/span><span class=\"bt_bb_post_grid_filter_item\" data-category=\"economy\">Economy<\/span><span class=\"bt_bb_post_grid_filter_item\" data-category=\"employees\">Employees<\/span><span class=\"bt_bb_post_grid_filter_item\" data-category=\"recruitment\">Recruitment<\/span><\/div><div class=\"bt_bb_masonry_post_grid_content bt_bb_grid_hide\" data-bt-bb-masonry-post-grid-nonce=\"1ad4a99058\" data-number=\"3\" data-category=\"\" data-show=\"a%3A6%3A%7Bs%3A8%3A%22category%22%3Bb%3A1%3Bs%3A4%3A%22date%22%3Bb%3A0%3Bs%3A6%3A%22author%22%3Bb%3A0%3Bs%3A8%3A%22comments%22%3Bb%3A0%3Bs%3A7%3A%22excerpt%22%3Bb%3A0%3Bs%3A9%3A%22read_more%22%3Bb%3A1%3B%7D\" data-auto-loading=\"\" data-post-type=\"portfolio\"><div class=\"bt_bb_grid_sizer\"><\/div><\/div><div class=\"bt_bb_post_grid_loader\"><\/div><\/div><div class=\"bt_bb_separator bt_bb_border_style_solid bt_bb_border_color_none bt_bb_top_spacing_medium bt_bb_bottom_spacing_medium\" data-bt-override-class=\"null\"><\/div><div class=\"bt_bb_latest_posts bt_bb_columns_3 bt_bb_gap_normal bt_bb_image_shape_square\"><div class=\"bt_bb_latest_posts_item bt_bb_latest_posts_item_even\"><div class=\"bt_bb_latest_posts_item_inner\"><div class=\"bt_bb_latest_posts_item_image\"><a href=\"https:\/\/aiggroup.com.vn\/en\/du-an-grand-marina-saigon-bieu-tuong-song-hang-hieu-giua-long-thanh-pho\/\" target=\"_self\"><img decoding=\"async\" src=\"https:\/\/aiggroup.com.vn\/wp-content\/uploads\/2025\/12\/the-sun-tower.png\" alt=\"D\u1ef1 \u00e1n: Grand Marina, Saigon \u2014 Bi\u1ec3u t\u01b0\u1ee3ng s\u1ed1ng h\u00e0ng hi\u1ec7u gi\u1eefa l\u00f2ng th\u00e0nh ph\u1ed1\" title=\"D\u1ef1 \u00e1n: Grand Marina, Saigon \u2014 Bi\u1ec3u t\u01b0\u1ee3ng s\u1ed1ng h\u00e0ng hi\u1ec7u gi\u1eefa l\u00f2ng th\u00e0nh ph\u1ed1\" class=\"\" ><\/a><\/div><div class=\"bt_bb_latest_posts_item_content\"><div class=\"bt_bb_latest_posts_item_meta\"><span class=\"bt_bb_latest_posts_item_date\">11 December, 2025<\/span><\/div><h5 class=\"bt_bb_latest_posts_item_title\"><a href=\"https:\/\/aiggroup.com.vn\/en\/du-an-grand-marina-saigon-bieu-tuong-song-hang-hieu-giua-long-thanh-pho\/\" target=\"_self\">D\u1ef1 \u00e1n: Grand Marina, Saigon \u2014 Bi\u1ec3u t\u01b0\u1ee3ng s\u1ed1ng h\u00e0ng hi\u1ec7u gi\u1eefa l\u00f2ng th\u00e0nh ph\u1ed1<\/a><\/h5><div class=\"bt_bb_latest_posts_item_excerpt\">Grand Marina, Saigon t\u1ecda l\u1ea1c t\u1ea1i s\u1ed1 2 \u0111\u01b0\u1eddng T\u00f4n \u0110\u1ee9c Th\u1eafng, ph\u01b0\u1eddng B\u1ebfn Ngh\u00e9, Qu\u1eadn 1 \u2014 v\u1ecb tr\u00ed \u201ckim c\u01b0\u01a1ng\u201d s\u00e1t b\u1edd s\u00f4ng S\u00e0i G\u00f2n, ngay tr\u00ean n\u1ec1n di s\u1ea3n l\u1ecbch s\u1eed c\u1ee7a khu c\u1ea3ng Ba Son. V\u1edbi quy m\u00f4 kho\u1ea3ng 10 ha, Grand Marina g\u1ed3m c\u00e1c th\u00e1p c\u0103n h\u1ed9 cao c\u1ea5p, shophouse,...<\/div><div class=\"bt_bb_latest_posts_read_more\"><a href=\"https:\/\/aiggroup.com.vn\/en\/du-an-grand-marina-saigon-bieu-tuong-song-hang-hieu-giua-long-thanh-pho\/\" target=\"_self\"><span>READ MORE<\/span><\/a><\/div><\/div> <!-- \/bt_bb_latest_posts_item_content --><\/div> <!-- \/bt_bb_latest_posts_item_inner --><\/div> <!-- \/bt_bb_latest_posts_item  --><div class=\"bt_bb_latest_posts_item bt_bb_latest_posts_item_odd\"><div class=\"bt_bb_latest_posts_item_inner\"><div class=\"bt_bb_latest_posts_item_image\"><a href=\"https:\/\/aiggroup.com.vn\/en\/du-an-san-phun-nuoc-cong-vien-trung-tam\/\" target=\"_self\"><img decoding=\"async\" src=\"https:\/\/aiggroup.com.vn\/wp-content\/uploads\/2025\/12\/Bieu-dien-nhac-nuoc-2024-1.png\" alt=\"D\u1ef0 \u00c1N S\u00c0N PHUN N\u01af\u1edaC \u2013 C\u00d4NG VI\u00caN TRUNG T\u00c2M\" title=\"D\u1ef0 \u00c1N S\u00c0N PHUN N\u01af\u1edaC \u2013 C\u00d4NG VI\u00caN TRUNG T\u00c2M\" class=\"\" ><\/a><\/div><div class=\"bt_bb_latest_posts_item_content\"><div class=\"bt_bb_latest_posts_item_meta\"><span class=\"bt_bb_latest_posts_item_date\">11 December, 2025<\/span><\/div><h5 class=\"bt_bb_latest_posts_item_title\"><a href=\"https:\/\/aiggroup.com.vn\/en\/du-an-san-phun-nuoc-cong-vien-trung-tam\/\" target=\"_self\">D\u1ef0 \u00c1N S\u00c0N PHUN N\u01af\u1edaC \u2013 C\u00d4NG VI\u00caN TRUNG T\u00c2M<\/a><\/h5><div class=\"bt_bb_latest_posts_item_excerpt\">TR\u1ee4 S\u1ede C\u00d4NG AN T\u1ec8NH LONG AN Gi\u1edbi thi\u1ec7u d\u1ef1 \u00e1n C\u00f4ng vi\u00ean trung t\u00e2m thu\u1ed9c khu\u00f4n vi\u00ean Tr\u1ee5 s\u1edf C\u00f4ng an t\u1ec9nh Long An \u0111\u01b0\u1ee3c \u0111\u1ecbnh h\u01b0\u1edbng tr\u1edf th\u00e0nh kh\u00f4ng gian c\u1ea3nh quan \u0111i\u1ec3m nh\u1ea5n \u2013 v\u1eeba mang t\u00ednh trang nghi\u00eam c\u1ee7a m\u1ed9t c\u01a1 quan h\u00e0nh ch\u00ednh, v\u1eeba t\u1ea1o \u0111\u01b0\u1ee3c s\u1ef1 th\u00e2n thi\u1ec7n, g\u1ea7n...<\/div><div class=\"bt_bb_latest_posts_read_more\"><a href=\"https:\/\/aiggroup.com.vn\/en\/du-an-san-phun-nuoc-cong-vien-trung-tam\/\" target=\"_self\"><span>READ MORE<\/span><\/a><\/div><\/div> <!-- \/bt_bb_latest_posts_item_content --><\/div> <!-- \/bt_bb_latest_posts_item_inner --><\/div> <!-- \/bt_bb_latest_posts_item  --><div class=\"bt_bb_latest_posts_item bt_bb_latest_posts_item_even\"><div class=\"bt_bb_latest_posts_item_inner\"><div class=\"bt_bb_latest_posts_item_image\"><a href=\"https:\/\/aiggroup.com.vn\/en\/du-an-quy-hoach-canh-quan-khu-cong-nghiep-binh-hoa-nam-3\/\" target=\"_self\"><img decoding=\"async\" src=\"https:\/\/aiggroup.com.vn\/wp-content\/uploads\/2025\/12\/KCN-Binh-Hoa-Nam-3.png\" alt=\"D\u1ef0 \u00c1N QUY HO\u1ea0CH \u2013 C\u1ea2NH QUAN KHU C\u00d4NG NGHI\u1ec6P B\u00ccNH H\u00d2A NAM 3\" title=\"D\u1ef0 \u00c1N QUY HO\u1ea0CH \u2013 C\u1ea2NH QUAN KHU C\u00d4NG NGHI\u1ec6P B\u00ccNH H\u00d2A NAM 3\" class=\"\" ><\/a><\/div><div class=\"bt_bb_latest_posts_item_content\"><div class=\"bt_bb_latest_posts_item_meta\"><span class=\"bt_bb_latest_posts_item_date\">11 December, 2025<\/span><\/div><h5 class=\"bt_bb_latest_posts_item_title\"><a href=\"https:\/\/aiggroup.com.vn\/en\/du-an-quy-hoach-canh-quan-khu-cong-nghiep-binh-hoa-nam-3\/\" target=\"_self\">D\u1ef0 \u00c1N QUY HO\u1ea0CH \u2013 C\u1ea2NH QUAN KHU C\u00d4NG NGHI\u1ec6P B\u00ccNH H\u00d2A NAM 3<\/a><\/h5><div class=\"bt_bb_latest_posts_item_excerpt\">D\u1ef1 \u00e1n ph\u00e1t tri\u1ec3n h\u1ea1 t\u1ea7ng c\u00f4ng nghi\u1ec7p t\u1ea1i huy\u1ec7n \u0110\u1ee9c Hu\u1ec7, t\u1ec9nh Long An Khu c\u00f4ng nghi\u1ec7p B\u00ecnh H\u00f2a Nam 3 l\u00e0 m\u1ed9t trong nh\u1eefng d\u1ef1 \u00e1n tr\u1ecdng \u0111i\u1ec3m c\u1ee7a huy\u1ec7n \u0110\u1ee9c Hu\u1ec7 \u2013 Long An, nh\u1eb1m t\u1eebng b\u01b0\u1edbc ho\u00e0n thi\u1ec7n c\u01a1 s\u1edf h\u1ea1 t\u1ea7ng c\u00f4ng nghi\u1ec7p, thu h\u00fat \u0111\u1ea7u t\u01b0 v\u00e0 th\u00fac \u0111\u1ea9y...<\/div><div class=\"bt_bb_latest_posts_read_more\"><a href=\"https:\/\/aiggroup.com.vn\/en\/du-an-quy-hoach-canh-quan-khu-cong-nghiep-binh-hoa-nam-3\/\" target=\"_self\"><span>READ MORE<\/span><\/a><\/div><\/div> <!-- \/bt_bb_latest_posts_item_content --><\/div> <!-- \/bt_bb_latest_posts_item_inner --><\/div> <!-- \/bt_bb_latest_posts_item  --><\/div><\/div><\/div><\/div><\/div><\/div><\/div><!-- cell_inner --><\/div><!-- cell --><\/div><!-- port --><\/section><\/p>","protected":false},"excerpt":{"rendered":"","protected":false},"author":2,"featured_media":0,"parent":1348,"menu_order":0,"comment_status":"closed","ping_status":"closed","template":"","meta":{"footnotes":""},"class_list":["post-1311","page","type-page","status-publish","hentry"],"_links":{"self":[{"href":"https:\/\/aiggroup.com.vn\/en\/wp-json\/wp\/v2\/pages\/1311","targetHints":{"allow":["GET"]}}],"collection":[{"href":"https:\/\/aiggroup.com.vn\/en\/wp-json\/wp\/v2\/pages"}],"about":[{"href":"https:\/\/aiggroup.com.vn\/en\/wp-json\/wp\/v2\/types\/page"}],"author":[{"embeddable":true,"href":"https:\/\/aiggroup.com.vn\/en\/wp-json\/wp\/v2\/users\/2"}],"replies":[{"embeddable":true,"href":"https:\/\/aiggroup.com.vn\/en\/wp-json\/wp\/v2\/comments?post=1311"}],"version-history":[{"count":0,"href":"https:\/\/aiggroup.com.vn\/en\/wp-json\/wp\/v2\/pages\/1311\/revisions"}],"up":[{"embeddable":true,"href":"https:\/\/aiggroup.com.vn\/en\/wp-json\/wp\/v2\/pages\/1348"}],"wp:attachment":[{"href":"https:\/\/aiggroup.com.vn\/en\/wp-json\/wp\/v2\/media?parent=1311"}],"curies":[{"name":"wp","href":"https:\/\/api.w.org\/{rel}","templated":true}]}}